{"id":240,"date":"2014-05-27T15:13:02","date_gmt":"2014-05-27T15:13:02","guid":{"rendered":"http:\/\/wpresidence.net\/?page_id=240"},"modified":"2025-06-14T16:01:33","modified_gmt":"2025-06-14T14:01:33","slug":"registrieren","status":"publish","type":"page","link":"https:\/\/www.mallorcabsolut.com\/en\/register\/","title":{"rendered":"Log in or register now"},"content":{"rendered":"<div class=\"vc_row wpb_row vc_row-fluid vc_row\"><div class=\"wpb_column vc_column_container vc_col-sm-12 vc_column\"><div class=\"vc_column-inner\"><div class=\"wpb_wrapper\">\n\t<div class=\"wpb_text_column wpb_content_element  vc_column_text\" >\n\t\t<div class=\"wpb_wrapper\">\n\t\t\t<p>Benefit from the numerous advantages of free registration. After logging in, you will have access to a wide range of useful functions:<\/p>\n<ul>\n<li>Publish and manage your own Mallorca properties or edit properties that have already been published<\/li>\n<li>Mark interesting properties as \"favorites\"<\/li>\n<li>Save your individual property searches for later use<\/li>\n<li>Erhalten Sie auf Wunsch t\u00e4glich E-Mail-Benachrichtigungen mit neuen,  passenden Objekten,  basierend auf Ihren gespeicherten Suchen<\/li>\n<li>Discover more useful functions and options<\/li>\n<\/ul>\n<p>Nutzen Sie die Gelegenheit und registrieren Sie sich noch heute kostenfrei,  um all diese Funktionen und mehr zu nutzen. Mit Ihrem pers\u00f6nlichen Account haben Sie die volle Kontrolle \u00fcber Ihre Mallorca-Immobilien und k\u00f6nnen Ihre Suche nach Ihrem Traumobjekt effektiv gestalten. Melden Sie sich an und tauchen Sie ein in die Welt der M\u00f6glichkeiten,  die Ihnen mallorcabsolut.com bietet.<\/p>\n<h2>Important information for all Apple users:<\/h2>\n<p>wenn Sie E-Mail-Adressen von Apple nutzen (@icloud.com,  @me.com und @mac.com),  werden Sie vomn uns leider keinerlei E-Mails erhalten.<br \/>\nAlso Mails wie &#8222;neue Objekte in Ihre Mailbox&#8220;,  &#8222;Suchauftr\u00e4ge&#8220;,  &#8222;Passwort zur\u00fccksetzen&#8220; usw. werden leider nie bei ihnen ankommen. Apple bzw. &#8222;Proofpoint&#8220; blockiert alle unsere Mails und ein Delisting erfolgte trotz mehrfacher Anfragen nicht.<br \/>\nWenn Sie also unsere Mails erhalten m\u00f6chten,  so nutzen Sie bitte eine andere Mailadresse. Beispielsweise GMX,  Yahoo oder auch Google.<br \/>\nThank you for your understanding...<\/p>\n\n\t\t<\/div>\n\t<\/div>\n<\/div><\/div><\/div><\/div><div class=\"vc_row wpb_row vc_row-fluid vc_row\"><div class=\"wpb_column vc_column_container vc_col-sm-6 vc_column\"><div class=\"vc_column-inner\"><div class=\"wpb_wrapper\">\n\t<div class=\"wpb_text_column wpb_content_element  vc_column_text\" id=\"my_reg_form\">\n\t\t<div class=\"wpb_wrapper\">\n\t\t\t<h3>Register<\/h3>\n\r\n    <div class=\"login_form shortcode-login\">\r\n        <div class=\"loginalert\" id=\"register_message_area\"><\/div>\r\n\r\n        <div class=\"loginrow\">\r\n            <span class=\"small\"><b>User name<\/b> = no spaces or special characters!<\/span><br>\r\n            <input type=\"text\" name=\"user_login_register\" id=\"user_login_register\" class=\"form-control\" placeholder=\"Username\" \/>\r\n        <\/div>\r\n\r\n        <div class=\"loginrow\">\r\n            <input type=\"text\" name=\"user_email_register\" id=\"user_email_register\" class=\"form-control\" placeholder=\"email\" \/>\r\n        <\/div>\r\n        <div class=\"loginrow\">\r\n            <input type=\"password\" name=\"user_password\" id=\"user_password\" class=\"form-control\" placeholder=\"Password\" \/>\r\n        <\/div>\r\n        <div class=\"loginrow\">\r\n            <input type=\"password\" name=\"user_password_retype\" id=\"user_password_retype\" class=\"form-control\" placeholder=\"Retype Password\" \/>\r\n        <\/div>\r\n    <div class=\"loginrow\">\r\n        <label for=\"spamcheck\"><b>Security issue:<\/b> 8 + 1 = ?<\/label>\r\n        <input type=\"text\" name=\"spamcheck\" id=\"spamcheck\" class=\"form-control\" placeholder=\"Enter answer\" \/>\r\n    <\/div>\r\n    <input type=\"checkbox\" name=\"terms\" id=\"user_terms_register_sh\">\r\n    <label id=\"user_terms_register_sh_label\" for=\"user_terms_register_sh\">I agree with <a href=\"https:\/\/www.mallorcabsolut.com\/en\/terms-of-use\/\" target=\"_blank\">terms & conditions<\/a><\/label><input type=\"hidden\" id=\"security-register\" name=\"security-register\" value=\"b40322eb94\" \/><input type=\"hidden\" name=\"_wp_http_referer\" value=\"\/en\/wp-json\/wp\/v2\/pages\/240\" \/>\r\n        <br>\r\n        <button id=\"wp-submit-register\" class=\"wpb_button wpb_btn-info wpb_btn-large vc_button\">Register<\/button>\r\n    <\/div>\n<div class=\"clearfix\"><\/div>\n<div style=\"margin-bottom: 50px;\"><\/div>\n\n\t\t<\/div>\n\t<\/div>\n<\/div><\/div><\/div><div class=\"wpb_column vc_column_container vc_col-sm-6 vc_column\"><div class=\"vc_column-inner\"><div class=\"wpb_wrapper\">\n\t<div class=\"wpb_text_column wpb_content_element  vc_column_text\" >\n\t\t<div class=\"wpb_wrapper\">\n\t\t\t<h3>Login<\/h3>\n<div class=\"login_form shortcode-login\" id=\"login-div\">\r\n         <div class=\"loginalert\" id=\"login_message_area\" ><\/div>\r\n        \r\n                <div class=\"loginrow\">\r\n                    <input type=\"text\" class=\"form-control\" name=\"log\" id=\"login_user\" placeholder=\"Username\" size=\"20\" \/>\r\n                <\/div>\r\n                <div class=\"loginrow\">\r\n                    <input type=\"password\" class=\"form-control\" name=\"pwd\" id=\"login_pwd\"  placeholder=\"Password\" size=\"20\" \/>\r\n                <\/div>\r\n                <input type=\"hidden\" name=\"loginpop\" id=\"loginpop\" value=\"0\">\r\n                <input type=\"hidden\" id=\"security-login\" name=\"security-login\" value=\"5033e7effe\" \/><input type=\"hidden\" name=\"_wp_http_referer\" value=\"\/en\/wp-json\/wp\/v2\/pages\/240\" \/>   \r\n                <button id=\"wp-login-but\" class=\"wpb_button  wpb_btn-info wpb_btn-large vc_button\">Login<\/button>\r\n                <div class=\"login-links shortlog\"><a href=\"#\" id=\"forgot_pass\" title=\"Forgot Password?\">Forgot Password?<\/a>\r\n                <\/div>                 \r\n         <\/div>\r\n         <div class=\"login_form  shortcode-login\" id=\"forgot-pass-div-sh\">\r\n            <div class=\"loginalert\" id=\"forgot_pass_area\"><\/div>\r\n            <div class=\"loginrow\">\r\n                    <input type=\"text\" class=\"form-control\" name=\"forgot_email\" id=\"forgot_email\" placeholder=\"Enter Your Email Address\" size=\"20\" \/>\r\n            <\/div>\r\n            <input type=\"hidden\" id=\"security-forgot\" name=\"security-forgot\" value=\"294e15fb69\" \/><input type=\"hidden\" name=\"_wp_http_referer\" value=\"\/en\/wp-json\/wp\/v2\/pages\/240\" \/>  \r\n            <input type=\"hidden\" id=\"postid\" value=\"240\">    \r\n            <button class=\"wpb_button  wpb_btn-info wpb_btn-large  vc_button\" id=\"wp-forgot-but\" name=\"forgot\" >Reset Password<\/button>\r\n            <div class=\"login-links shortlog\">\r\n            <a href=\"#\" id=\"return_login\" title=\"Return to Login\">Return to Login<\/a>\r\n            <\/div>\r\n         <\/div>\r\n        \r\n            \n\n\t\t<\/div>\n\t<\/div>\n<\/div><\/div><\/div><\/div><div class=\"vc_row wpb_row vc_row-fluid vc_row\"><div class=\"wpb_column vc_column_container vc_col-sm-12 vc_column\"><div class=\"vc_column-inner\"><div class=\"wpb_wrapper\">\n\t<div class=\"wpb_raw_code wpb_content_element wpb_raw_html vc_raw_html\" >\n\t\t<div class=\"wpb_wrapper\">\n\t\t\t\n<!--\n\twsl_render_auth_widget\n\tWordPress Social Login 3.0.5.\n\t<a href=\"http:\/\/wordpress.org\/plugins\/wordpress-social-login\/\">http:\/\/wordpress.org\/plugins\/wordpress-social-login\/<\/a>\n-->\n\n<style type=\"text\/css\">\n.wp-social-login-connect-with{}.wp-social-login-provider-list{}.wp-social-login-provider-list a{}.wp-social-login-provider-list img{}.wsl_connect_with_provider{}<\/style>\n\n<div class=\"wp-social-login-widget\">\n\n\t<div class=\"wp-social-login-connect-with\">Oder einloggen mit:<\/div>\n\n\t<div class=\"wp-social-login-provider-list\">\n\n\t\t<a rel=\"nofollow\" href=\"javascript:void(0);\" title=\"Connect with Facebook\" class=\"wp-social-login-provider wp-social-login-provider-facebook\" data-provider=\"Facebook\" role=\"button\">\n\t\t\tFacebook\n\t\t<\/a>\n\n\t\t<a rel=\"nofollow\" href=\"javascript:void(0);\" title=\"Connect with Google\" class=\"wp-social-login-provider wp-social-login-provider-google\" data-provider=\"Google\" role=\"button\">\n\t\t\tGoogle\n\t\t<\/a>\n\n\t<\/div>\n\n\t<div class=\"wp-social-login-widget-clearing\"><\/div>\n\n<\/div>\n\n<input type=\"hidden\" id=\"wsl_popup_base_url\" value=\"https:\/\/www.mallorcabsolut.com\/en\/mallorcalogin\/?action=wordpress_social_authenticate&#038;mode=login\" \/>\n<input type=\"hidden\" id=\"wsl_login_form_uri\" value=\"https:\/\/www.mallorcabsolut.com\/en\/mallorcalogin\/\" \/>\n\n<!-- wsl_render_auth_widget -->\n\n\n\t\t<\/div>\n\t<\/div>\n<\/div><\/div><\/div><\/div>\n<div class=\"pvc_clear\"><\/div>\n<p class=\"pvc_stats\" data-element-id=\"240\" style=\"\"><i class=\"fa fa-bar-chart pvc-stats-icon medium\" aria-hidden=\"true\"><\/i> 222, 899&nbsp;total views,  16&nbsp;views today<\/p>\n<div class=\"pvc_clear\"><\/div>","protected":false},"excerpt":{"rendered":"<p>222, 899&nbsp;total views, 16&nbsp;views today<\/p>","protected":false},"author":1,"featured_media":-1,"parent":0,"menu_order":0,"comment_status":"closed","ping_status":"closed","template":"","meta":[],"_links":{"self":[{"href":"https:\/\/www.mallorcabsolut.com\/en\/wp-json\/wp\/v2\/pages\/240"}],"collection":[{"href":"https:\/\/www.mallorcabsolut.com\/en\/wp-json\/wp\/v2\/pages"}],"about":[{"href":"https:\/\/www.mallorcabsolut.com\/en\/wp-json\/wp\/v2\/types\/page"}],"author":[{"embeddable":true,"href":"https:\/\/www.mallorcabsolut.com\/en\/wp-json\/wp\/v2\/users\/1"}],"replies":[{"embeddable":true,"href":"https:\/\/www.mallorcabsolut.com\/en\/wp-json\/wp\/v2\/comments?post=240"}],"version-history":[{"count":0,"href":"https:\/\/www.mallorcabsolut.com\/en\/wp-json\/wp\/v2\/pages\/240\/revisions"}],"wp:featuredmedia":[{"embeddable":true,"href":"https:\/\/www.mallorcabsolut.com\/en\/wp-json\/wp\/v2\/media\/-1"}],"wp:attachment":[{"href":"https:\/\/www.mallorcabsolut.com\/en\/wp-json\/wp\/v2\/media?parent=240"}],"curies":[{"name":"wp","href":"https:\/\/api.w.org\/{rel}","templated":true}]}}