{"id":90,"date":"2014-05-26T15:12:56","date_gmt":"2014-05-26T15:12:56","guid":{"rendered":"http:\/\/wpresidence.net\/?page_id=90"},"modified":"2025-12-11T02:54:26","modified_gmt":"2025-12-11T01:54:26","slug":"immobilienmakler-anbieter","status":"publish","type":"page","link":"https:\/\/www.mallorcabsolut.com\/en\/real-estate-agent-provider\/","title":{"rendered":"Private providers and brokers in Mallorca"},"content":{"rendered":"<p>Hier finden Sie eine \u00dcbersicht aller Anbieter (Privat und Immobilienmakler),  welche sich auf mallorcabsolut.com registriert haben <strong>and also want to be published as a \"provider\"<\/strong>. Nicht jeder registrierte Benutzer wird hier automatisch gelistet,  sondern nur Benutzer,  welche der Ver\u00f6ffentlichung in den Accounteinstellungen unter &#8222;Mein Profil&#8220; zugestimmt haben.<br \/>\nEstate agents in Mallorca offer you properties for <a title=\"Rentals in Mallorca\" href=\"https:\/\/www.mallorcabsolut.com\/en\/action\/letting\/\"><a href=\"\/en\/action\/letting\/\">Long-term rental<\/a> on Mallorca<\/a>,  Mietwohnungen,  <a title=\"<a href=\">Sale<\/a> auf Mallorca\" href=\"https:\/\/<a href=\"http:\/\/www.mallorcabsolut.com\/en\/action\/letting\/\">www.mallorcabsolut.com\/action\/vermietung<\/a>\/\">Kauf von <a href=\"\/en\/listings\/apartments-and-apartments\/\">Apartments<\/a>,  Fincas<\/a> etc. - and much more.<\/p>\n<h2>Offer real estate<\/h2>\n<p>Would you like to offer real estate on mallorcabsolut.com yourself? Nothing could be easier... Simply <a href=\"\/en\/publish-your-own-real-estate\/\">register (create account)<\/a> and you too can offer your Mallorca property\/properties to the public.<\/p>\n<div class=\"pvc_clear\"><\/div>\n<p class=\"pvc_stats\" data-element-id=\"90\" style=\"\"><i class=\"fa fa-bar-chart pvc-stats-icon medium\" aria-hidden=\"true\"><\/i> 25, 316&nbsp;total views,  34&nbsp;views today<\/p>\n<div class=\"pvc_clear\"><\/div>","protected":false},"excerpt":{"rendered":"<p>Hier finden Sie eine \u00dcbersicht aller Anbieter (Privat und Immobilienmakler), welche sich auf mallorcabsolut.com registriert haben und auch als &#8222;Anbieter&#8220; ver\u00f6ffentlicht werden m\u00f6chten. Nicht jeder registrierte Benutzer wird hier automatisch gelistet, sondern nur Benutzer, welche der Ver\u00f6ffentlichung in den Accounteinstellungen unter &#8222;Mein Profil&#8220; zugestimmt haben. Makler auf Mallorca bieten Ihnen Objekte zur Langzeitmiete auf Mallorca, Mietwohnungen, Kauf von Wohnungen, Fincas usw. &#8211; und vieles&#8230;<\/p>","protected":false},"author":1,"featured_media":-1,"parent":0,"menu_order":0,"comment_status":"closed","ping_status":"closed","template":"agents_list.php","meta":[],"_links":{"self":[{"href":"https:\/\/www.mallorcabsolut.com\/en\/wp-json\/wp\/v2\/pages\/90"}],"collection":[{"href":"https:\/\/www.mallorcabsolut.com\/en\/wp-json\/wp\/v2\/pages"}],"about":[{"href":"https:\/\/www.mallorcabsolut.com\/en\/wp-json\/wp\/v2\/types\/page"}],"author":[{"embeddable":true,"href":"https:\/\/www.mallorcabsolut.com\/en\/wp-json\/wp\/v2\/users\/1"}],"replies":[{"embeddable":true,"href":"https:\/\/www.mallorcabsolut.com\/en\/wp-json\/wp\/v2\/comments?post=90"}],"version-history":[{"count":0,"href":"https:\/\/www.mallorcabsolut.com\/en\/wp-json\/wp\/v2\/pages\/90\/revisions"}],"wp:featuredmedia":[{"embeddable":true,"href":"https:\/\/www.mallorcabsolut.com\/en\/wp-json\/wp\/v2\/media\/-1"}],"wp:attachment":[{"href":"https:\/\/www.mallorcabsolut.com\/en\/wp-json\/wp\/v2\/media?parent=90"}],"curies":[{"name":"wp","href":"https:\/\/api.w.org\/{rel}","templated":true}]}}