{"id":13003,"date":"2016-06-30T10:00:23","date_gmt":"2016-06-30T08:00:23","guid":{"rendered":"https:\/\/www.mallorcabsolut.com\/?page_id=13003"},"modified":"2023-07-16T11:41:28","modified_gmt":"2023-07-16T09:41:28","slug":"eigene-immobilien-veroeffentlichen","status":"publish","type":"page","link":"https:\/\/www.mallorcabsolut.com\/es\/publicar-su-propia-propiedad\/","title":{"rendered":"Mallorca Property: Publique su propiedad en Mallorca en mallorcabsolut.com"},"content":{"rendered":"<div class=\"vc_row wpb_row vc_row-fluid vc_row\"><div class=\"wpb_column vc_column_container vc_col-sm-12 vc_column\"><div class=\"vc_column-inner\"><div class=\"wpb_wrapper\">\n\t<div class=\"wpb_text_column wpb_content_element  vc_column_text\" >\n\t\t<div class=\"wpb_wrapper\">\n\t\t\t<p>Sie besitzen eine Immobilie auf Mallorca und m\u00f6chten diese gerne verkaufen oder vermieten? Bei mallorcabsolut.com haben Sie die M\u00f6glichkeit,  Ihre Mallorca-Immobilie unkompliziert und effektiv zu pr\u00e4sentieren. Egal,  ob Sie ein professioneller Immobilienmakler oder eine Privatperson sind,  diese Plattform bietet Ihnen die ideale L\u00f6sung,  um potenzielle K\u00e4ufer oder Mieter zu erreichen.<\/p>\n<p>Der Mallorca Immobilienmarkt boomt und zieht j\u00e4hrlich eine Vielzahl von Investoren,  Zweitwohnungsbesitzern und Urlaubssuchenden an. Mit mallorcabsolut.com k\u00f6nnen Sie Ihre Immobilie einer breiten Zielgruppe pr\u00e4sentieren,  die gezielt nach Mallorca-Immobilien sucht. Durch die optimierte Verwendung von Keywords wie &#8222;Mallorca Immobilien&#8220; und &#8222;Mallorca Immobilienmarkt&#8220; in Ihrem Inserat erh\u00f6hen Sie die Sichtbarkeit und erreichen potenzielle Interessenten noch effektiver.<\/p>\n<p>Wir m\u00f6chten darauf hinweisen,  dass ausschlie\u00dflich Objekte auf Mallorca ver\u00f6ffentlicht werden d\u00fcrfen. Wir konzentrieren uns ausschlie\u00dflich auf den Mallorca Immobilienmarkt,  um sicherzustellen,  dass unsere Benutzer eine qualitativ hochwertige und fokussierte Auswahl an Immobilien erhalten. Die Plattform ist nicht f\u00fcr Ferienobjekte geeignet,  da es bereits spezialisierte Portale gibt,  die sich auf die Ferienvermietung konzentrieren. Wenn Sie jedoch Ihre Mallorca-Immobilie zum <a href=\"\/es\/accion\/venta\/\">Venta<\/a> o a la <a href=\"\/es\/accion\/dejar\/\">Alquiler a largo plazo<\/a> anbieten m\u00f6chten,  sind Sie bei uns genau richtig.<\/p>\n\n\t\t<\/div>\n\t<\/div>\n<\/div><\/div><\/div><\/div><div class=\"vc_row wpb_row vc_row-fluid vc_row\"><div class=\"wpb_column vc_column_container vc_col-sm-12 vc_column\"><div class=\"vc_column-inner\"><div class=\"wpb_wrapper\">\n\t<div class=\"wpb_text_column wpb_content_element  vc_column_text\" >\n\t\t<div class=\"wpb_wrapper\">\n\t\t\t<h2 class=\"center\">Registre y publique objetos inmediatamente<\/h2>\n<p>Die Registrierung auf mallorcabsolut.com ist einfach und schnell. Sobald Sie einen Account er\u00f6ffnet haben,  k\u00f6nnen Sie direkt Ihre Mallorca-Immobilien ver\u00f6ffentlichen. Nutzen Sie die M\u00f6glichkeit,  Ihre Immobilie mit aussagekr\u00e4ftigen Fotos und detaillierten Informationen zu pr\u00e4sentieren. Beschreiben Sie die Vorz\u00fcge Ihrer Mallorca-Immobilie,  sei es die atemberaubende Meerblicklage,  der private Pool oder die exklusive Ausstattung. Je genauer Sie Ihre Immobilie pr\u00e4sentieren,  desto gr\u00f6\u00dfer sind die Chancen,  dass Interessenten auf Ihr Inserat aufmerksam werden.<\/p>\n<p>Der Mallorca Immobilienmarkt bietet vielf\u00e4ltige M\u00f6glichkeiten,  sei es f\u00fcr den Verkauf von Villen und H\u00e4usern oder die Vermietung von Apartments und Gewerbeobjekten. Durch die Ver\u00f6ffentlichung Ihrer Mallorca-Immobilie auf mallorcabsolut.com erreichen Sie eine gro\u00dfe Bandbreite an potenziellen K\u00e4ufern und Mietern,  die aktiv nach Immobilien auf Mallorca suchen. Nutzen Sie diese Chance,  um Ihre Mallorca-Immobilie erfolgreich zu vermarkten und den passenden Interessenten zu finden.<\/p>\n<p>Verpassen Sie nicht die Gelegenheit,  Ihre eigene Mallorca-Immobilie auf mallorcabsolut.com zu pr\u00e4sentieren. Treten Sie ein in den aufregenden Mallorca Immobilienmarkt und erreichen Sie mit Ihrer Immobilie die richtige Zielgruppe. Registrieren Sie sich noch heute und ver\u00f6ffentlichen Sie Ihre Mallorca-Immobilie,  um Ihren Verkaufs- oder Vermietungserfolg zu maximieren.<\/p>\n\n\t\t<\/div>\n\t<\/div>\n<\/div><\/div><\/div><\/div><div class=\"vc_row wpb_row vc_row-fluid vc_row\"><div class=\"wpb_column vc_column_container vc_col-sm-12 vc_column\"><div class=\"vc_column-inner\"><div class=\"wpb_wrapper\"><div class=\"ult_buttons ubtn-ctn-center\"><a class=\"ubtn-link ult-adjust-bottom-margin ubtn-center ubtn-large\" title='Reg\u00edstrese ahora gratuitamente' rel='' href = \"https:\/\/www.mallorcabsolut.com\/es\/registrese-en\/\" ><button type=\"button\" id=\"ubtn-9521\" class=\"ubtn ult-adjust-bottom-margin ult-responsive ubtn-large ubtn-top-bg  none  ubtn-shd  ubtn-center  shd-bottom tooltip-69f806b3029ef\"  data-hover=\"#ffffff\" data-border-color=\"#444444\" data-bg=\"#fcdd09\" data-hover-bg=\"#62396c\" data-border-hover=\"#000000\" data-shadow-hover=\"0 3px #999999;\" data-shadow-click=\"none\" data-shadow=\"0 3px #999999;\" data-shd-shadow=\"3\"  data-ultimate-target='#ubtn-9521'  data-responsive-json-new='{\"font-size\":\"desktop:17px;\",\"line-height\":\"\"}'  style=\"font-weight:normal;border-radius:1px;border-width:1px;border-color:#444444;border-style:solid;box-shadow: 0 3px #999999;background: #fcdd09;color: #000000;\"><span class=\"ubtn-data ubtn-icon\"><i class=\"none\" style=\"font-size:32px;color:;\"><\/i><\/span><span class=\"ubtn-hover\" style=\"background-color:#62396c\"><\/span><span class=\"ubtn-data ubtn-text\" >reg\u00edstrese ahora<\/span><\/button><\/a><\/div><\/div><\/div><\/div><\/div>\n<div class=\"pvc_clear\"><\/div>\n<p class=\"pvc_stats\" data-element-id=\"13003\" style=\"\"><i class=\"fa fa-bar-chart pvc-stats-icon medium\" aria-hidden=\"true\"><\/i> 23, 304&nbsp;total views,  8&nbsp;views today<\/p>\n<div class=\"pvc_clear\"><\/div>","protected":false},"excerpt":{"rendered":"<p>23, 304&nbsp;total views, 8&nbsp;views today<\/p>","protected":false},"author":1,"featured_media":-1,"parent":0,"menu_order":0,"comment_status":"closed","ping_status":"closed","template":"","meta":[],"_links":{"self":[{"href":"https:\/\/www.mallorcabsolut.com\/es\/wp-json\/wp\/v2\/pages\/13003"}],"collection":[{"href":"https:\/\/www.mallorcabsolut.com\/es\/wp-json\/wp\/v2\/pages"}],"about":[{"href":"https:\/\/www.mallorcabsolut.com\/es\/wp-json\/wp\/v2\/types\/page"}],"author":[{"embeddable":true,"href":"https:\/\/www.mallorcabsolut.com\/es\/wp-json\/wp\/v2\/users\/1"}],"replies":[{"embeddable":true,"href":"https:\/\/www.mallorcabsolut.com\/es\/wp-json\/wp\/v2\/comments?post=13003"}],"version-history":[{"count":0,"href":"https:\/\/www.mallorcabsolut.com\/es\/wp-json\/wp\/v2\/pages\/13003\/revisions"}],"wp:featuredmedia":[{"embeddable":true,"href":"https:\/\/www.mallorcabsolut.com\/es\/wp-json\/wp\/v2\/media\/-1"}],"wp:attachment":[{"href":"https:\/\/www.mallorcabsolut.com\/es\/wp-json\/wp\/v2\/media?parent=13003"}],"curies":[{"name":"wp","href":"https:\/\/api.w.org\/{rel}","templated":true}]}}