{"id":5275,"date":"2014-05-24T13:51:08","date_gmt":"2014-05-24T13:51:08","guid":{"rendered":"http:\/\/wpresidence.net\/?page_id=9"},"modified":"2023-07-25T06:56:16","modified_gmt":"2023-07-25T04:56:16","slug":"nutzungsbedingungen","status":"publish","type":"page","link":"https:\/\/www.mallorcabsolut.com\/es\/condiciones-de-uso\/","title":{"rendered":"Condiciones de uso para la publicaci\u00f3n de inmuebles"},"content":{"rendered":"<h2>Validez de estas condiciones de uso<\/h2>\n<p>Estas condiciones de uso rigen todos los servicios ofrecidos en el sitio web mallorcabsolut.com y se aplican a todos los usuarios.<br \/>\nes el operador y, por lo tanto, el socio contractual legal de mallorcabsolut.com:<br \/>\nMike Freytag<br \/>\nCalle Soledad 4bj<br \/>\n07001 Palma de Mallorca<br \/>\nEspa\u00f1a<br \/>\n&#8211;<i>en el siguiente proveedor<\/i>&#8211;<\/p>\n<h3>Objeto de las presentes condiciones de uso<\/h3>\n<p>Der Hauptgegenstand dieser Nutzungsbedingungen ist die Aufnahme und Ver\u00f6ffentlichung von Immobilien-Anzeigen auf mallorcabsolut.com. Alle Benutzer,  die das 18. Lebensjahr vollendet haben und voll gesch\u00e4ftsf\u00e4hig sind,  d\u00fcrfen Immobilien-Anzeigen in verschiedenen Rubriken aufgeben,  vorausgesetzt,  dass die angebotenen Leistungen und Angebote den geltenden Rechtsvorschriften entsprechen. Der Anbieter beh\u00e4lt sich das Recht vor,  unzul\u00e4ssige Inhalte ohne vorherige Benachrichtigung zu l\u00f6schen. Die Verantwortung f\u00fcr die Inhalte der Immobilien-Anzeigen liegt allein beim Benutzer.<\/p>\n<h3>Publicar un anuncio inmobiliario<\/h3>\n<p>Um eine Immobilien-Anzeige aufzugeben,  muss der Benutzer \u00fcber einen registrierten Account verf\u00fcgen,  wobei die Registrierung kostenlos ist und keine weiteren Verpflichtungen mit sich bringt. Pro Person oder Haushalt bzw. Unternehmen ist nur ein Account erlaubt. Die Immobilien-Anzeige kann \u00fcber ein Eingabeformular im internen Bereich nach dem Login aufgegeben werden. Durch das Absenden der Anzeige gibt der Benutzer ein Angebot zum Abschluss eines zeitlich begrenzten Vertrages zur Ver\u00f6ffentlichung der Immobilien-Anzeige auf mallorcabsolut.com ab. Der Anbieter entscheidet nach eigenem Ermessen \u00fcber die Ver\u00f6ffentlichung des Angebots. Der Anbieter ist kein Vertragspartner der durch die Anzeige abgeschlossenen Kauf- oder sonstigen Vertr\u00e4ge,  sondern dient lediglich als Vermittler zwischen Immobilien-Anbieter und Interessent.<\/p>\n<h3>Pago<\/h3>\n<p>Die Ver\u00f6ffentlichung von Objekten ist kostenfrei. Es besteht jedoch die M\u00f6glichkeit,  verschiedene Pakete zu kaufen,  mit denen die Objekte als TOP-Objekte hervorgehoben werden k\u00f6nnen. Die Preise f\u00fcr die Pakete sind nach dem Login deutlich ausgewiesen. Die Bezahlung der Pakete erfolgt entsprechend der gew\u00e4hlten Zahlungsart im Bestellformular. Die Geb\u00fchren sind im Voraus sofort zur Zahlung f\u00e4llig und k\u00f6nnen \u00fcber die angebotenen Zahlungsmethoden beglichen werden. Eine Rechnung im Adobe-PDF Format wird dem Benutzer innerhalb von 48 Stunden nach Paket-Kauf per E-Mail zugesandt.<\/p>\n<h3>Cancelaci\u00f3n \/ rescisi\u00f3n del servicio o anuncio inmobiliario<\/h3>\n<p>Der Benutzer kann seinen Account jederzeit per E-Mail formlos und ohne Einhaltung von Fristen und Begr\u00fcndungen l\u00f6schen lassen. Bei K\u00fcndigung oder Sperrung des Accounts werden die eingetragenen Immobilien-Anzeigen ebenfalls gel\u00f6scht. Der Anbieter beh\u00e4lt sich das Recht vor,  bei wiederholten Verst\u00f6\u00dfen gegen diese Nutzungsbedingungen oder geltende Gesetze,  den Account fristlos zu k\u00fcndigen,  nachdem eine vorherige Androhung zwei Wochen zuvor erfolgt ist. Eine K\u00fcndigung durch den Anbieter erfolgt per E-Mail.<\/p>\n<h3>Garant\u00eda<\/h3>\n<p>Der Anbieter gew\u00e4hrleistet f\u00fcr Immobilien-Anzeigen eine dem technischen Standard entsprechende Verf\u00fcgbarkeit der Daten. Es ist jedoch bekannt,  dass ein fehlerfreies Programm nach dem Stand der Technik nicht m\u00f6glich ist und unsere Daten und Dienste ohne unser Verschulden nicht jederzeit verf\u00fcgbar sein k\u00f6nnen. Der Anbieter gew\u00e4hrleistet keine bestimmte Anzahl von Kontakten oder Abrufen der Inhalte.<\/p>\n<h3>Infomails<\/h3>\n<p>Registrierte Benutzer erkl\u00e4ren sich damit einverstanden,  in unregelm\u00e4\u00dfigen Abst\u00e4nden Infomails von mallorcabsolut.com zu erhalten. Diese Infomails enthalten lediglich Informationen zu mallorcabsolut.com,  wie \u00c4nderungen oder News,  ohne Werbung,  au\u00dfer in eigener Sache (z.B. Sonderangebote). Jeder Benutzer kann sich aus dem Verteiler per Klick auf den entsprechenden Link in jeder Infomail abmelden.<\/p>\n<h3>Disposiciones finales<\/h3>\n<p>\u00c4nderungen und\/oder Erg\u00e4nzungen dieser Nutzungsbedingungen und Nebenabreden bed\u00fcrfen zu ihrer Wirksamkeit der Schriftform. Sollten einzelne oder mehrere der oben vereinbarten Bestimmungen ung\u00fcltig oder sittenwidrig sein,  ber\u00fchrt dies die G\u00fcltigkeit der \u00fcbrigen Bestimmungen nicht. An die Stelle der ung\u00fcltigen oder sittenwidrigen Bestimmungen treten solche &#8211; g\u00fcltige &#8211; Bestimmungen,  die dem Willen der Vertragsteile am ehesten entsprechen.<br \/>\nEl fuero competente es exclusivamente el domicilio social del proveedor.<\/p>\n<p>Situaci\u00f3n: julio de 2018<\/p>\n<div class=\"pvc_clear\"><\/div>\n<p class=\"pvc_stats\" data-element-id=\"5275\" style=\"\"><i class=\"fa fa-bar-chart pvc-stats-icon medium\" aria-hidden=\"true\"><\/i> 28, 970&nbsp;total views,  10&nbsp;views today<\/p>\n<div class=\"pvc_clear\"><\/div>","protected":false},"excerpt":{"rendered":"<p>Geltung dieser Nutzungsbedingungen Diese Nutzungsbedingungen regeln s\u00e4mtliche angebotenen Dienstleistungen auf der Website mallorcabsolut.com und gelten f\u00fcr alle Nutzer. Betreiber und somit rechtlicher Vertragspartner von mallorcabsolut.com ist: Mike Freytag Calle Soledad 4bj 07001 Palma de Mallorca Espa\u00f1a &#8211;im folgenden Anbieter&#8211; Gegenstand dieser Nutzungsbedingungen Der Hauptgegenstand dieser Nutzungsbedingungen ist die Aufnahme und Ver\u00f6ffentlichung von Immobilien-Anzeigen auf mallorcabsolut.com. Alle Benutzer, die das 18. Lebensjahr vollendet haben und&#8230;<\/p>","protected":false},"author":1,"featured_media":-1,"parent":0,"menu_order":0,"comment_status":"closed","ping_status":"closed","template":"terms_conditions.php","meta":[],"_links":{"self":[{"href":"https:\/\/www.mallorcabsolut.com\/es\/wp-json\/wp\/v2\/pages\/5275"}],"collection":[{"href":"https:\/\/www.mallorcabsolut.com\/es\/wp-json\/wp\/v2\/pages"}],"about":[{"href":"https:\/\/www.mallorcabsolut.com\/es\/wp-json\/wp\/v2\/types\/page"}],"author":[{"embeddable":true,"href":"https:\/\/www.mallorcabsolut.com\/es\/wp-json\/wp\/v2\/users\/1"}],"replies":[{"embeddable":true,"href":"https:\/\/www.mallorcabsolut.com\/es\/wp-json\/wp\/v2\/comments?post=5275"}],"version-history":[{"count":0,"href":"https:\/\/www.mallorcabsolut.com\/es\/wp-json\/wp\/v2\/pages\/5275\/revisions"}],"wp:featuredmedia":[{"embeddable":true,"href":"https:\/\/www.mallorcabsolut.com\/es\/wp-json\/wp\/v2\/media\/-1"}],"wp:attachment":[{"href":"https:\/\/www.mallorcabsolut.com\/es\/wp-json\/wp\/v2\/media?parent=5275"}],"curies":[{"name":"wp","href":"https:\/\/api.w.org\/{rel}","templated":true}]}}