{"id":5366,"date":"2015-03-30T09:59:33","date_gmt":"2015-03-30T09:59:33","guid":{"rendered":"http:\/\/demo5.wpresidence.net\/?page_id=5366"},"modified":"2025-12-09T14:24:08","modified_gmt":"2025-12-09T13:24:08","slug":"homepage-demo5","status":"publish","type":"page","link":"https:\/\/www.mallorcabsolut.com\/es\/","title":{"rendered":"Propiedades en Mallorca: Alquileres a largo plazo y propiedades en venta"},"content":{"rendered":"<div class=\"vc_row wpb_row vc_row-fluid vc_row\"><div class=\"wpb_column vc_column_container vc_col-sm-12 vc_column\"><div class=\"vc_column-inner\"><div class=\"wpb_wrapper\">\n\t<div class=\"wpb_text_column wpb_content_element  vc_column_text\" >\n\t\t<div class=\"wpb_wrapper\">\n\t\t\t<h1>\u00bfPor qu\u00e9 Mallorca propiedad de mallorcabsolut.com?<\/h1>\n<p>El portal se diferencia fundamentalmente de las agencias inmobiliarias convencionales. Nuestro portal se centra exclusivamente en el mercado inmobiliario mallorqu\u00edn - de <a title=\"Inmuebles en Palma\" href=\"https:\/\/www.mallorcabsolut.com\/es\/ciudad\/palma-de-mallorca\/\">Palma de Mallorca<\/a> incluso en las regiones m\u00e1s remotas de la isla. Como portal inmobiliario especializado, ofrece a los vendedores la m\u00e1xima visibilidad para llegar a compradores e inquilinos potenciales.<\/p>\n<h2><a href=\"\/es\/accion\/venta\/\">Venta<\/a> &amp; <a href=\"\/es\/accion\/dejar\/\">Alquiler a largo plazo<\/a> - Presentaci\u00f3n gratuita de su propiedad<\/h2>\n<p>El portal inmobiliario permite publicar gratuitamente inmuebles de Mallorca. Tanto agentes inmobiliarios como particulares presentan aqu\u00ed propiedades en venta o en alquiler a largo plazo. Esta oportunidad \u00fanica abre el acceso a un amplio grupo objetivo.<\/p>\n<p>Qui\u00e9n <strong>Alquiler de propiedades en la isla a largo plazo<\/strong> encontrar\u00e1 aqu\u00ed la plataforma ideal. Especialmente demandadas: Fincas para <a href=\"\/es\/accion\/dejar\/\">Alquiler<\/a> - un segmento en constante crecimiento. Los expatriados buscan espec\u00edficamente estas y otras propiedades en Son Servera, Manacor o Campos.<\/p>\n<h3>Marketing continuo para un alcance m\u00e1ximo<\/h3>\n<p>El portal inmobiliario se promociona continuamente mediante actividades de marketing espec\u00edficas. La optimizaci\u00f3n de los motores de b\u00fasqueda garantiza un elevado n\u00famero de visitantes interesados que buscan activamente propiedades en Mallorca. Los anuncios inmobiliarios llegan a varios miles de clientes potenciales cada mes.<\/p>\n<p>La estrategia de marketing se centra en la calidad m\u00e1s que en la cantidad. Los visitantes vienen con intenciones espec\u00edficas: Los posibles compradores buscan chalets en Palma, los inquilinos investigan <a href=\"\/es\/listados\/pisos-y-apartamentos\/\">Pisos<\/a> en la isla, los inversores comparan propiedades en toda la isla. Este enfoque espec\u00edfico aumenta significativamente la tasa de \u00e9xito.<\/p>\n<h3>Amplias categor\u00edas de propiedades para todas las necesidades<\/h3>\n<p>La gama incluye una amplia variedad de categor\u00edas de propiedades:<\/p>\n<ul>\n<li><strong>Propiedad residencial:<\/strong> Pisos, \u00e1ticos, adosados, chalets unifamiliares <a href=\"\/es\/listados\/casas-y-villas\/\">Casas<\/a><\/li>\n<li><strong>Propiedades de lujo:<\/strong> Villas con vistas al mar, fincas exclusivas, propiedades de dise\u00f1o<\/li>\n<li><strong>Propiedades de inversi\u00f3n:<\/strong> Terrenos, propiedades comerciales, proyectos de desarrollo<\/li>\n<li><strong>Propiedades de alquiler:<\/strong> Pisos de alquiler de larga duraci\u00f3n, fincas de alquiler permanente, viviendas familiares<\/li>\n<\/ul>\n<p>La cartera de inmuebles se actualiza a diario. Agentes inmobiliarios, agencias y particulares introducen regularmente sus ofertas. Esto crea un mercado din\u00e1mico con una amplia variedad de propiedades de Mallorca para las necesidades individuales.<\/p>\n<p>Aqu\u00ed encontrar\u00e1 una visi\u00f3n general de todas las propiedades que figuran con nosotros - <a title=\"Todas las propiedades en mallorcabsolut.com\" href=\"\/es\/los-10-objetos-mas-nuevos\/\"> Actualmente 741 propiedades<\/a><\/p>\n\n\t\t<\/div>\n\t<\/div>\n<div  class=\"vc_wp_text wpb_content_element\"><div class=\"widget widget_text\">\t\t\t<div class=\"textwidget\"><\/p>\n<div class=\"adsense homewerbung\">\n<div class=\"responsive-ad\" data-large-id=\"399\"><\/div>\n<\/div>\n<p>\n<\/div>\n\t\t<\/div><\/div>\n\t<div class=\"wpb_text_column wpb_content_element  vc_custom_1765286641277 vc_column_text\" >\n\t\t<div class=\"wpb_wrapper\">\n\t\t\t<h3>Especializaci\u00f3n exclusiva en Mallorca<\/h3>\n<p>El portal inmobiliario se centra sin concesiones en el mercado inmobiliario mallorqu\u00edn. Esta especializaci\u00f3n ofrece ventajas decisivas: Los vendedores llegan a un grupo objetivo muy relevante, los buscadores encuentran paquetes <strong>Propiedad en venta o alquiler a largo plazo en la isla balear<\/strong>. La concentraci\u00f3n geogr\u00e1fica permite un conocimiento local detallado. Los interesados reciben informaci\u00f3n precisa sobre barrios de Palma, regiones costeras cerca de Alc\u00fadia, pueblos de monta\u00f1a alrededor de S\u00f3ller o zonas rurales cerca de Campos. El conocimiento experto local fluye en cada presentaci\u00f3n inmobiliaria.<\/p>\n<h3>Panorama actual del mercado - 741 inmuebles catalogados<\/h3>\n<p>El portal presenta <a title=\"Ver todas las 741 propiedades en Mallorca\" href=\"\/es\/los-10-objetos-mas-nuevos\/\"> actualmente 741 objetos de propiedad<\/a> en varios segmentos de precios. Desde pisos asequibles para principiantes hasta exclusivas villas de lujo, hay un amplio espectro. Las ofertas TOP se destacan por separado con el fin de presentar propiedades especiales de forma destacada. El espectro abarca desde estudios para compradores primerizos hasta viviendas familiares en Cala Murada y propiedades de lujo en ubicaciones muy solicitadas. Los inversores descubrir\u00e1n propiedades comerciales en Andratx, mientras que los amantes de la naturaleza encontrar\u00e1n fincas r\u00fasticas en la regi\u00f3n de Art\u00e0. Cada propiedad se presenta con descripciones informativas e im\u00e1genes profesionales.<\/p>\n<h3>Alquiler a largo plazo Mallorca - Importante para expatriados<\/h3>\n<p>Muchas agencias inmobiliarias de la isla ofrecen propiedades en alquiler a largo plazo a trav\u00e9s del portal. Los pisos de alquiler en lugares c\u00e9ntricos como Llucmajor o en pueblos pintorescos como Porto Cristo est\u00e1n muy solicitados. Aunque la propiedad es cada vez m\u00e1s importante <a href=\"\/es\/accion\/dejar\/\">Alquiler a largo plazo<\/a> esencial, sobre todo para los expatriados. Las fincas para alquiler a largo plazo se encuentran entre las categor\u00edas m\u00e1s solicitadas. Las personas que desean experimentar el estilo de vida mediterr\u00e1neo suelen decantarse por casas de campo r\u00fasticas con jard\u00edn. Estas propiedades ofrecen autenticidad, tranquilidad y espacio suficiente para familias o trabajadores a distancia.<\/p>\n<p>Los alquileres de larga duraci\u00f3n sirven a diferentes grupos objetivo: Los n\u00f3madas digitales buscan opciones de alquiler flexibles en lugares bien comunicados, los jubilados prefieren barrios tranquilos como Campos, las familias j\u00f3venes buscan pisos cerca de los colegios en S'Illot. El portal cubre estas diversas necesidades.<\/p>\n<h3>Sus ventajas como proveedor inmobiliario<\/h3>\n<ul>\n<li><strong>Alcance r\u00e1pido:<\/strong> Llegue a miles de posibles compradores en poco tiempo<\/li>\n<li><strong>Proceso sencillo:<\/strong> Reg\u00edstrese, publique su propiedad, listo<\/li>\n<li><strong>Gratuito:<\/strong> Anuncios est\u00e1ndar gratuitos<\/li>\n<li><strong>Opciones adicionales:<\/strong> Posiciones TOP disponibles para una visibilidad especial<\/li>\n<\/ul>\n<p>Los proveedores inmobiliarios -tanto particulares como agencias inmobiliarias- publican gratuitamente inmuebles en Internet. Aunque su propia p\u00e1gina web es un canal de venta, rara vez es el m\u00e1s eficaz. La comercializaci\u00f3n multicanal a trav\u00e9s de portales especializados aumenta considerablemente las posibilidades de \u00e9xito.<\/p>\n<h3>TOP-Immobilien - M\u00e1xima atenci\u00f3n para propiedades especiales<\/h3>\n<p>Nuestro portal inmobiliario ofrece la oportunidad de destacar propiedades como TOP properties. Este posicionamiento premium garantiza una mayor visibilidad en la p\u00e1gina de inicio y en los resultados de b\u00fasqueda. Villas de lujo en Cala Millor, \u00e1ticos exclusivos con vistas al mar o fincas hist\u00f3ricas se benefician de esta presentaci\u00f3n.<\/p>\n<p>Las ventajas para los proveedores inmobiliarios incluyen una presentaci\u00f3n profesional, marketing espec\u00edfico y contacto directo con interesados cualificados. Las estad\u00edsticas detalladas muestran las visitas, las consultas y los perfiles de los posibles compradores. Esta transparencia permite optimizar las estrategias de marketing.<\/p>\n<h3>Registro - Su entrada en el mercado inmobiliario de Mallorca<\/h3>\n<p>En <a title=\"reg\u00edstrese aqu\u00ed gratuitamente\" href=\"\/es\/publicar-su-propia-propiedad\/\">inscripci\u00f3n gratuita<\/a> en mallorcabsolut.com proporciona acceso al din\u00e1mico mercado inmobiliario de Mallorca. En pocos pasos, los vendedores pueden presentar sus propiedades a un p\u00fablico amplio y cualificado. La plataforma ofrece herramientas intuitivas para gestionar anuncios, subir im\u00e1genes y comunicarse con los interesados.<\/p>\n<p><strong>Descubra las posibilidades<\/strong>que ofrece el portal especializado. Tanto si se trata de la venta de un <a href=\"\/es\/listados\/casas-y-villas\/\">Villa<\/a>, Alquiler de un <a href=\"\/es\/listados\/casas-de-campo-y-fincas\/\">Finca<\/a> o la presentaci\u00f3n de propiedades comerciales en la isla - el portal inmobiliario conecta a los vendedores con los compradores potenciales adecuados. Entre en el mundo profesional de la propiedad en Mallorca. Aqu\u00ed encontrar\u00e1 <a title=\"Todas las ventajas de un vistazo\" href=\"https:\/\/www.mallorcabsolut.com\/es\/vorteile-f\u00fcr-makler\/\">Todas las ventajas para los proveedores inmobiliarios<\/a>.<\/p>\n\n\t\t<\/div>\n\t<\/div>\n<\/div><\/div><\/div><\/div>\n<div class=\"pvc_clear\"><\/div>\n<p class=\"pvc_stats\" data-element-id=\"5366\" style=\"\"><i class=\"fa fa-bar-chart pvc-stats-icon medium\" aria-hidden=\"true\"><\/i> 450, 667&nbsp;total views,  151&nbsp;views today<\/p>\n<div class=\"pvc_clear\"><\/div>","protected":false},"excerpt":{"rendered":"<p>450, 667&nbsp;total views, 151&nbsp;views today<\/p>","protected":false},"author":1,"featured_media":-1,"parent":0,"menu_order":0,"comment_status":"closed","ping_status":"closed","template":"","meta":[],"_links":{"self":[{"href":"https:\/\/www.mallorcabsolut.com\/es\/wp-json\/wp\/v2\/pages\/5366"}],"collection":[{"href":"https:\/\/www.mallorcabsolut.com\/es\/wp-json\/wp\/v2\/pages"}],"about":[{"href":"https:\/\/www.mallorcabsolut.com\/es\/wp-json\/wp\/v2\/types\/page"}],"author":[{"embeddable":true,"href":"https:\/\/www.mallorcabsolut.com\/es\/wp-json\/wp\/v2\/users\/1"}],"replies":[{"embeddable":true,"href":"https:\/\/www.mallorcabsolut.com\/es\/wp-json\/wp\/v2\/comments?post=5366"}],"version-history":[{"count":0,"href":"https:\/\/www.mallorcabsolut.com\/es\/wp-json\/wp\/v2\/pages\/5366\/revisions"}],"wp:featuredmedia":[{"embeddable":true,"href":"https:\/\/www.mallorcabsolut.com\/es\/wp-json\/wp\/v2\/media\/-1"}],"wp:attachment":[{"href":"https:\/\/www.mallorcabsolut.com\/es\/wp-json\/wp\/v2\/media?parent=5366"}],"curies":[{"name":"wp","href":"https:\/\/api.w.org\/{rel}","templated":true}]}}