{"id":5945,"date":"2015-12-29T10:07:50","date_gmt":"2015-12-29T09:07:50","guid":{"rendered":"https:\/\/www.mallorcabsolut.com\/?page_id=5945"},"modified":"2023-07-25T06:07:14","modified_gmt":"2023-07-25T04:07:14","slug":"impressum","status":"publish","type":"page","link":"https:\/\/www.mallorcabsolut.com\/es\/imprimir\/","title":{"rendered":"Pie de imprenta \/ Etiquetado del proveedor"},"content":{"rendered":"<h3>Este sitio web est\u00e1 gestionado por:<\/h3>\n<p>Mike Freytag<br \/>\nCalle Soledad 4bj<br \/>\n07001 Palma de Mallorca<br \/>\nEspa\u00f1a<\/p>\n<p><em>fabricado e impulsado por <a href=\"https:\/\/www.optprojects.com\">optProjects (dise\u00f1o web, tiendas online, marketing online y mucho m\u00e1s)<\/a><br \/>\n<\/em><\/p>\n<p><strong>NIF:<\/strong> Y4611722Y<br \/>\n<strong>N\u00famero IVA:<\/strong> ESY4611722Y<\/p>\n<h3>Contacto:<\/h3>\n<p><strong>Tel\u00e9fono:<\/strong> 0049 (0)341 98 97 705 7<br \/>\n<strong>correo electr\u00f3nico:<\/strong> info@mallorcabsolut.com<\/p>\n<h3>Responsable del contenido:<\/h3>\n<p>Mike Freytag<br \/>\nCalle Soledad 4bj<br \/>\n07001 Palma de Mallorca<br \/>\nEspa\u00f1a<\/p>\n<h3>Marcas y nombres comerciales:<\/h3>\n<p>Los logotipos, marcas comerciales, nombres de marcas, etc., pertenecen a sus respectivos propietarios o a los propietarios de las empresas o marcas.<\/p>\n<h3>Informaci\u00f3n para los consumidores<\/h3>\n<p>La Comisi\u00f3n Europea ofrece una plataforma para la resoluci\u00f3n extrajudicial de litigios en l\u00ednea (plataforma RLL), a la que se puede acceder en <a href=\"http:\/\/ec.europa.eu\/odr\" target=\"_blank\" rel=\"noopener noreferrer\">ec.europa.eu\/odr<\/a>.<\/p>\n<div class=\"pvc_clear\"><\/div>\n<p class=\"pvc_stats\" data-element-id=\"5945\" style=\"\"><i class=\"fa fa-bar-chart pvc-stats-icon medium\" aria-hidden=\"true\"><\/i> 32, 841&nbsp;total views,  4&nbsp;views today<\/p>\n<div class=\"pvc_clear\"><\/div>","protected":false},"excerpt":{"rendered":"<p>Este sitio web es operado por: Mike Freytag Calle Soledad 4bj 07001 Palma de Mallorca Espa\u00f1a made and powered by optProjects (Webdesign, Onlineshops, Onlinemarketing uvm.) NIF: Y4611722Y N\u00famero IVA: ESY4611722Y Contacto: Tel\u00e9fono: 0049 (0)341 98 97 705 7 Email: info@mallorcabsolut.com Responsable del contenido: Mike Freytag Calle Soledad 4bj 07001 Palma de Mallorca Espa\u00f1a Marcas registradas y nombres comerciales: Los logotipos, marcas comerciales, nombres de marca, etc. designados pertenecen a sus respectivos propietarios.<\/p>","protected":false},"author":1,"featured_media":-1,"parent":0,"menu_order":0,"comment_status":"closed","ping_status":"closed","template":"","meta":[],"_links":{"self":[{"href":"https:\/\/www.mallorcabsolut.com\/es\/wp-json\/wp\/v2\/pages\/5945"}],"collection":[{"href":"https:\/\/www.mallorcabsolut.com\/es\/wp-json\/wp\/v2\/pages"}],"about":[{"href":"https:\/\/www.mallorcabsolut.com\/es\/wp-json\/wp\/v2\/types\/page"}],"author":[{"embeddable":true,"href":"https:\/\/www.mallorcabsolut.com\/es\/wp-json\/wp\/v2\/users\/1"}],"replies":[{"embeddable":true,"href":"https:\/\/www.mallorcabsolut.com\/es\/wp-json\/wp\/v2\/comments?post=5945"}],"version-history":[{"count":0,"href":"https:\/\/www.mallorcabsolut.com\/es\/wp-json\/wp\/v2\/pages\/5945\/revisions"}],"wp:featuredmedia":[{"embeddable":true,"href":"https:\/\/www.mallorcabsolut.com\/es\/wp-json\/wp\/v2\/media\/-1"}],"wp:attachment":[{"href":"https:\/\/www.mallorcabsolut.com\/es\/wp-json\/wp\/v2\/media?parent=5945"}],"curies":[{"name":"wp","href":"https:\/\/api.w.org\/{rel}","templated":true}]}}