{"id":90,"date":"2014-05-26T15:12:56","date_gmt":"2014-05-26T15:12:56","guid":{"rendered":"http:\/\/wpresidence.net\/?page_id=90"},"modified":"2025-12-11T02:54:26","modified_gmt":"2025-12-11T01:54:26","slug":"immobilienmakler-anbieter","status":"publish","type":"page","link":"https:\/\/www.mallorcabsolut.com\/es\/agente-inmobiliario-proveedor\/","title":{"rendered":"Proveedores privados y agencias inmobiliarias en Mallorca"},"content":{"rendered":"<p>Hier finden Sie eine \u00dcbersicht aller Anbieter (Privat und Immobilienmakler),  welche sich auf mallorcabsolut.com registriert haben <strong>y tambi\u00e9n le gustar\u00eda que le publicaran como \"proveedor\"<\/strong>. Nicht jeder registrierte Benutzer wird hier automatisch gelistet,  sondern nur Benutzer,  welche der Ver\u00f6ffentlichung in den Accounteinstellungen unter &#8222;Mein Profil&#8220; zugestimmt haben.<br \/>\nLas inmobiliarias de Mallorca le ofrecen propiedades para <a title=\"Alquileres en Mallorca\" href=\"https:\/\/www.mallorcabsolut.com\/es\/accion\/dejar\/\"><a href=\"\/es\/accion\/dejar\/\">Alquiler a largo plazo<\/a> en Mallorca<\/a>,  Mietwohnungen,  <a title=\"<a href=\">Venta<\/a> auf Mallorca\" href=\"https:\/\/<a href=\"http:\/\/www.mallorcabsolut.com\/es\/accion\/dejar\/\">www.mallorcabsolut.com\/action\/vermietung<\/a>\/\">Kauf von <a href=\"\/es\/listados\/pisos-y-apartamentos\/\">Pisos<\/a>,  Fincas<\/a> etc., y mucho m\u00e1s.<\/p>\n<h2>Ofrecer propiedad<\/h2>\n<p>\u00bfLe gustar\u00eda ofrecer su propiedad en mallorcabsolut.com? Nada m\u00e1s f\u00e1cil... Simplemente <a href=\"\/es\/publicar-su-propia-propiedad\/\">registrarse (crear una cuenta)<\/a> y usted tambi\u00e9n puede ofrecer su(s) propiedad(es) en Mallorca al p\u00fablico.<\/p>\n<div class=\"pvc_clear\"><\/div>\n<p class=\"pvc_stats\" data-element-id=\"90\" style=\"\"><i class=\"fa fa-bar-chart pvc-stats-icon medium\" aria-hidden=\"true\"><\/i> 25, 302&nbsp;total views,  20&nbsp;views today<\/p>\n<div class=\"pvc_clear\"><\/div>","protected":false},"excerpt":{"rendered":"<p>Hier finden Sie eine \u00dcbersicht aller Anbieter (Privat und Immobilienmakler), welche sich auf mallorcabsolut.com registriert haben und auch als &#8222;Anbieter&#8220; ver\u00f6ffentlicht werden m\u00f6chten. Nicht jeder registrierte Benutzer wird hier automatisch gelistet, sondern nur Benutzer, welche der Ver\u00f6ffentlichung in den Accounteinstellungen unter &#8222;Mein Profil&#8220; zugestimmt haben. Makler auf Mallorca bieten Ihnen Objekte zur Langzeitmiete auf Mallorca, Mietwohnungen, Kauf von Wohnungen, Fincas usw. &#8211; und vieles&#8230;<\/p>","protected":false},"author":1,"featured_media":-1,"parent":0,"menu_order":0,"comment_status":"closed","ping_status":"closed","template":"agents_list.php","meta":[],"_links":{"self":[{"href":"https:\/\/www.mallorcabsolut.com\/es\/wp-json\/wp\/v2\/pages\/90"}],"collection":[{"href":"https:\/\/www.mallorcabsolut.com\/es\/wp-json\/wp\/v2\/pages"}],"about":[{"href":"https:\/\/www.mallorcabsolut.com\/es\/wp-json\/wp\/v2\/types\/page"}],"author":[{"embeddable":true,"href":"https:\/\/www.mallorcabsolut.com\/es\/wp-json\/wp\/v2\/users\/1"}],"replies":[{"embeddable":true,"href":"https:\/\/www.mallorcabsolut.com\/es\/wp-json\/wp\/v2\/comments?post=90"}],"version-history":[{"count":0,"href":"https:\/\/www.mallorcabsolut.com\/es\/wp-json\/wp\/v2\/pages\/90\/revisions"}],"wp:featuredmedia":[{"embeddable":true,"href":"https:\/\/www.mallorcabsolut.com\/es\/wp-json\/wp\/v2\/media\/-1"}],"wp:attachment":[{"href":"https:\/\/www.mallorcabsolut.com\/es\/wp-json\/wp\/v2\/media?parent=90"}],"curies":[{"name":"wp","href":"https:\/\/api.w.org\/{rel}","templated":true}]}}